{"id":247,"date":"2019-12-01T23:41:26","date_gmt":"2019-12-01T20:41:26","guid":{"rendered":"http:\/\/batimutfak.com.tr\/?page_id=247"},"modified":"2024-05-28T17:23:46","modified_gmt":"2024-05-28T14:23:46","slug":"hizmetlerimiz","status":"publish","type":"page","link":"https:\/\/batimutfak.com.tr\/index.php\/hizmetlerimiz\/","title":{"rendered":"Hizmetlerimiz"},"content":{"rendered":"<p>[et_pb_section fb_built=&#8221;1&#8243; disabled_on=&#8221;off|off|off&#8221; _builder_version=&#8221;4.25.0&#8243; background_color=&#8221;#f5f8fd&#8221; background_color_gradient_direction=&#8221;360deg&#8221; custom_margin=&#8221;0px|0px|0px|0px|false|false&#8221; custom_padding=&#8221;0px|0px|0px|0px|true|false&#8221; animation_direction=&#8221;bottom&#8221; box_shadow_style=&#8221;preset1&#8243; box_shadow_vertical=&#8221;18px&#8221; box_shadow_color=&#8221;rgba(0,0,0,0.07)&#8221; locked=&#8221;off&#8221; global_colors_info=&#8221;{}&#8221;][et_pb_row column_structure=&#8221;1_2,1_2&#8243; _builder_version=&#8221;4.16&#8243; background_color=&#8221;#f5f8fd&#8221; width=&#8221;100%&#8221; module_alignment=&#8221;center&#8221; custom_margin=&#8221;||||false|false&#8221; custom_padding=&#8221;5px||5px||false|false&#8221; global_colors_info=&#8221;{}&#8221;][et_pb_column type=&#8221;1_2&#8243; _builder_version=&#8221;4.16&#8243; global_colors_info=&#8221;{}&#8221;][et_pb_text _builder_version=&#8221;4.25.1&#8243; text_font=&#8221;Nunito||||||||&#8221; text_font_size=&#8221;13px&#8221; link_text_color=&#8221;#53585C&#8221; hover_enabled=&#8221;0&#8243; text_orientation_tablet=&#8221;center&#8221; text_orientation_phone=&#8221;&#8221; text_orientation_last_edited=&#8221;on|desktop&#8221; global_colors_info=&#8221;{}&#8221; sticky_enabled=&#8221;0&#8243; locked=&#8221;off&#8221;]<\/p>\n<p><span style=\"color: #808080;\">Mail:\u00a0<\/span><span style=\"color: #333300;\"><a href=\"mailto:bilgi@batimutfak.com.tr\">bilgi@batimutfak.com.tr<\/a>\u00a0<\/span><span style=\"color: #808080;\"><span style=\"color: #333300;\">\u00a0 \u00a0|\u00a0 \u00a0<\/span> Tel. &amp; WhatsApp: <\/span><span style=\"color: #000000;\"><a href=\"https:\/\/wa.me\/905061271516\" target=\"_blank\" rel=\"noopener\" style=\"color: #000000;\">+90 506 127 15 16<\/a><\/span><\/p>\n<p>[\/et_pb_text][\/et_pb_column][et_pb_column type=&#8221;1_2&#8243; _builder_version=&#8221;4.16&#8243; global_colors_info=&#8221;{}&#8221;][et_pb_text _builder_version=&#8221;4.16&#8243; text_font=&#8221;Nunito||||||||&#8221; text_font_size=&#8221;14px&#8221; text_orientation=&#8221;right&#8221; custom_margin_tablet=&#8221;&#8221; custom_margin_phone=&#8221;-20px||||false|false&#8221; custom_margin_last_edited=&#8221;on|phone&#8221; text_orientation_tablet=&#8221;center&#8221; text_orientation_phone=&#8221;center&#8221; text_orientation_last_edited=&#8221;on|desktop&#8221; global_colors_info=&#8221;{}&#8221;]<\/p>\n<p><span style=\"color: #999999;\">Adres:\u00a0\u00a0<\/span><span style=\"color: #333300;\">Kemalpa\u015fa Mah. 7401\/2 Sok. No:4A I\u015f\u0131kkent Bornova \u0130zmir<\/span><\/p>\n<p>[\/et_pb_text][\/et_pb_column][\/et_pb_row][\/et_pb_section][et_pb_section fb_built=&#8221;1&#8243; _builder_version=&#8221;4.16&#8243; custom_padding=&#8221;||100px|||&#8221; global_colors_info=&#8221;{}&#8221;][et_pb_row admin_label=&#8221;Row&#8221; _builder_version=&#8221;4.16&#8243; custom_margin=&#8221;60px|auto|60px|auto||&#8221; animation_style=&#8221;slide&#8221; animation_direction=&#8221;bottom&#8221; animation_duration=&#8221;1500ms&#8221; locked=&#8221;off&#8221; global_colors_info=&#8221;{}&#8221;][et_pb_column type=&#8221;4_4&#8243; _builder_version=&#8221;4.16&#8243; custom_padding=&#8221;|||&#8221; global_colors_info=&#8221;{}&#8221; custom_padding__hover=&#8221;|||&#8221;][et_pb_text _builder_version=&#8221;4.16&#8243; text_font=&#8221;|700|||||||&#8221; text_text_color=&#8221;#f5f8fd&#8221; text_font_size=&#8221;80px&#8221; text_line_height=&#8221;0em&#8221; header_2_font=&#8221;||||||||&#8221; header_2_text_color=&#8221;#53585c&#8221; header_2_font_size=&#8221;50px&#8221; header_2_line_height=&#8221;1.3em&#8221; text_orientation=&#8221;center&#8221; text_font_size_tablet=&#8221;50px&#8221; text_font_size_phone=&#8221;30px&#8221; text_font_size_last_edited=&#8221;on|desktop&#8221; header_2_font_size_tablet=&#8221;40px&#8221; header_2_font_size_phone=&#8221;30px&#8221; header_2_font_size_last_edited=&#8221;on|phone&#8221; global_colors_info=&#8221;{}&#8221;]<\/p>\n<p>SERV\u0130S<\/p>\n<h2>Hizmetlerimiz<\/h2>\n<p>[\/et_pb_text][\/et_pb_column][\/et_pb_row][et_pb_row column_structure=&#8221;1_2,1_2&#8243; custom_padding_last_edited=&#8221;on|phone&#8221; _builder_version=&#8221;4.16&#8243; custom_padding=&#8221;60px|40px|60px|40px|true|true&#8221; custom_padding_tablet=&#8221;&#8221; custom_padding_phone=&#8221;40px|20px|40px|20px|true|true&#8221; animation_style=&#8221;slide&#8221; animation_direction=&#8221;bottom&#8221; animation_duration=&#8221;2000ms&#8221; border_radii=&#8221;on|12px|12px|12px|12px&#8221; box_shadow_style=&#8221;preset1&#8243; box_shadow_vertical=&#8221;50px&#8221; box_shadow_blur=&#8221;80px&#8221; box_shadow_color=&#8221;rgba(15,19,25,0.1)&#8221; use_custom_width=&#8221;on&#8221; custom_width_px=&#8221;1280px&#8221; locked=&#8221;off&#8221; global_colors_info=&#8221;{}&#8221;][et_pb_column type=&#8221;1_2&#8243; _builder_version=&#8221;4.16&#8243; global_colors_info=&#8221;{}&#8221; custom_padding__hover=&#8221;|||&#8221;][et_pb_text _builder_version=&#8221;4.16&#8243; text_font=&#8221;||||||||&#8221; text_line_height=&#8221;2em&#8221; header_font=&#8221;||||||||&#8221; header_2_font=&#8221;||||||||&#8221; header_3_font=&#8221;|600|||||||&#8221; header_3_text_color=&#8221;#53585c&#8221; header_3_line_height=&#8221;1.4em&#8221; header_4_font=&#8221;|700||on|||||&#8221; header_4_text_color=&#8221;#ff6600&#8243; header_4_font_size=&#8221;12px&#8221; header_4_letter_spacing=&#8221;2px&#8221; header_4_line_height=&#8221;2em&#8221; background_color=&#8221;#f5f8fd&#8221; text_orientation=&#8221;justified&#8221; custom_padding=&#8221;30px|50px|30px|50px|true|true&#8221; animation_style=&#8221;slide&#8221; animation_direction=&#8221;bottom&#8221; animation_duration=&#8221;2000ms&#8221; text_line_height_tablet=&#8221;&#8221; text_line_height_phone=&#8221;1.6em&#8221; text_line_height_last_edited=&#8221;on|phone&#8221; header_3_font_size_phone=&#8221;30px&#8221; header_3_font_size_last_edited=&#8221;off|desktop&#8221; border_radii=&#8221;on|5px|5px|5px|5px&#8221; locked=&#8221;off&#8221; global_colors_info=&#8221;{}&#8221;]<\/p>\n<h3 style=\"text-align: center;\">YER\u0130NDE YEMEK \u00dcRET\u0130M\u0130 H\u0130ZMET\u0130<\/h3>\n<h3><\/h3>\n<p>Deneyimli, g\u00fcler y\u00fczl\u00fc, m\u00fc\u015fteri memnuniyetini ilke edinmi\u015f uzman mutfak ekiplerimiz ile m\u00fc\u015fterilerimizin mutfaklar\u0131nda ya da m\u00fc\u015fterilerimizin mutfak olarak ay\u0131rd\u0131klar\u0131 alanlara projenin getirdi\u011fi ihtiya\u00e7lar do\u011frultusunda yat\u0131r\u0131m yaparak yerinde \u00fcretim hizmeti verilmektedir.<\/p>\n<p>[\/et_pb_text][\/et_pb_column][et_pb_column type=&#8221;1_2&#8243; _builder_version=&#8221;4.16&#8243; custom_padding=&#8221;|||&#8221; global_colors_info=&#8221;{}&#8221; custom_padding__hover=&#8221;|||&#8221;][et_pb_text _builder_version=&#8221;4.16&#8243; text_font=&#8221;||||||||&#8221; text_line_height=&#8221;2em&#8221; header_font=&#8221;||||||||&#8221; header_2_font=&#8221;||||||||&#8221; header_3_font=&#8221;|600|||||||&#8221; header_3_text_color=&#8221;#53585c&#8221; header_3_line_height=&#8221;1.4em&#8221; header_4_font=&#8221;|700||on|||||&#8221; header_4_text_color=&#8221;#ff6600&#8243; header_4_font_size=&#8221;12px&#8221; header_4_letter_spacing=&#8221;2px&#8221; header_4_line_height=&#8221;2em&#8221; text_orientation=&#8221;justified&#8221; custom_margin=&#8221;||||false|false&#8221; custom_padding=&#8221;||||false|false&#8221; text_line_height_tablet=&#8221;&#8221; text_line_height_phone=&#8221;1.6em&#8221; text_line_height_last_edited=&#8221;on|phone&#8221; header_font_size_tablet=&#8221;&#8221; header_font_size_phone=&#8221;25px&#8221; header_font_size_last_edited=&#8221;on|phone&#8221; header_3_font_size_phone=&#8221;30px&#8221; header_3_font_size_last_edited=&#8221;off|desktop&#8221; locked=&#8221;off&#8221; global_colors_info=&#8221;{}&#8221;]<\/p>\n<h3 style=\"text-align: center;\"><\/h3>\n<h3 style=\"text-align: center;\">TA\u015eIMALI YEMEK H\u0130ZMET\u0130<\/h3>\n<p>Merkez mutfa\u011f\u0131m\u0131zda \u00f6zenle haz\u0131rlanan yemeklerin \u0131s\u0131 dengesini kaybetmemesi, daha sa\u011fl\u0131kl\u0131 \u015fartlarda m\u00fc\u015fterilerimize ula\u015ft\u0131r\u0131lmas\u0131 i\u00e7in termoboxlara yerle\u015ftirilmesinden sonra uzman kadromuz ve gen\u00e7 ara\u00e7 filomuz ile m\u00fc\u015fteri yemekhanelerine teslim edilmektedir. Men\u00fclerimiz ayl\u0131k olarak g\u0131da m\u00fchendislerimiz taraf\u0131ndan haz\u0131rlanmakta, m\u00fc\u015fteri onay\u0131 al\u0131nd\u0131ktan sonra \u00fcretim plan\u0131 yap\u0131larak men\u00fcler uygulanmaktad\u0131r. Firmam\u0131z; kahvalt\u0131 \u2013 kumanya, \u00f6\u011fle, ak\u015fam ve gece mesai yeme\u011fi hizmetleri vermektedir.<\/p>\n<p>[\/et_pb_text][\/et_pb_column][\/et_pb_row][\/et_pb_section]<\/p>\n","protected":false},"excerpt":{"rendered":"<p>Mail:\u00a0bilgi@batimutfak.com.tr\u00a0\u00a0 \u00a0|\u00a0 \u00a0 Tel. &amp; WhatsApp: +90 506 127 15 16Adres:\u00a0\u00a0Kemalpa\u015fa Mah. 7401\/2 Sok. No:4A I\u015f\u0131kkent Bornova \u0130zmirSERV\u0130S HizmetlerimizYER\u0130NDE YEMEK \u00dcRET\u0130M\u0130 H\u0130ZMET\u0130 Deneyimli, g\u00fcler y\u00fczl\u00fc, m\u00fc\u015fteri memnuniyetini ilke edinmi\u015f uzman mutfak ekiplerimiz ile m\u00fc\u015fterilerimizin mutfaklar\u0131nda ya da m\u00fc\u015fterilerimizin mutfak olarak ay\u0131rd\u0131klar\u0131 alanlara projenin getirdi\u011fi ihtiya\u00e7lar do\u011frultusunda yat\u0131r\u0131m yaparak yerinde \u00fcretim hizmeti verilmektedir. TA\u015eIMALI YEMEK H\u0130ZMET\u0130 [&hellip;]<\/p>\n","protected":false},"author":1,"featured_media":0,"parent":0,"menu_order":0,"comment_status":"closed","ping_status":"closed","template":"","meta":{"_et_pb_use_builder":"on","_et_pb_old_content":"","_et_gb_content_width":"","footnotes":""},"dipi_cpt_category":[],"class_list":["post-247","page","type-page","status-publish","hentry"],"_links":{"self":[{"href":"https:\/\/batimutfak.com.tr\/index.php\/wp-json\/wp\/v2\/pages\/247","targetHints":{"allow":["GET"]}}],"collection":[{"href":"https:\/\/batimutfak.com.tr\/index.php\/wp-json\/wp\/v2\/pages"}],"about":[{"href":"https:\/\/batimutfak.com.tr\/index.php\/wp-json\/wp\/v2\/types\/page"}],"author":[{"embeddable":true,"href":"https:\/\/batimutfak.com.tr\/index.php\/wp-json\/wp\/v2\/users\/1"}],"replies":[{"embeddable":true,"href":"https:\/\/batimutfak.com.tr\/index.php\/wp-json\/wp\/v2\/comments?post=247"}],"version-history":[{"count":0,"href":"https:\/\/batimutfak.com.tr\/index.php\/wp-json\/wp\/v2\/pages\/247\/revisions"}],"wp:attachment":[{"href":"https:\/\/batimutfak.com.tr\/index.php\/wp-json\/wp\/v2\/media?parent=247"}],"wp:term":[{"taxonomy":"dipi_cpt_category","embeddable":true,"href":"https:\/\/batimutfak.com.tr\/index.php\/wp-json\/wp\/v2\/dipi_cpt_category?post=247"}],"curies":[{"name":"wp","href":"https:\/\/api.w.org\/{rel}","templated":true}]}}