{"id":225341,"date":"2024-07-10T18:18:26","date_gmt":"2024-07-10T15:18:26","guid":{"rendered":"https:\/\/batimutfak.com.tr\/?page_id=225341"},"modified":"2024-07-10T18:18:26","modified_gmt":"2024-07-10T15:18:26","slug":"yonetim-anlayisimiz","status":"publish","type":"page","link":"https:\/\/batimutfak.com.tr\/index.php\/yonetim-anlayisimiz\/","title":{"rendered":"Y\u00f6netim Anlay\u0131\u015f\u0131m\u0131z"},"content":{"rendered":"<p>[et_pb_section fb_built=&#8221;1&#8243; disabled_on=&#8221;off|off|off&#8221; _builder_version=&#8221;4.25.0&#8243; background_color=&#8221;#f5f8fd&#8221; background_color_gradient_direction=&#8221;360deg&#8221; custom_margin=&#8221;0px|0px|0px|0px|false|false&#8221; custom_padding=&#8221;0px|0px|0px|0px|true|false&#8221; animation_direction=&#8221;bottom&#8221; box_shadow_style=&#8221;preset1&#8243; box_shadow_vertical=&#8221;18px&#8221; box_shadow_color=&#8221;rgba(0,0,0,0.07)&#8221; locked=&#8221;off&#8221; global_colors_info=&#8221;{}&#8221; theme_builder_area=&#8221;post_content&#8221;][et_pb_row column_structure=&#8221;1_2,1_2&#8243; _builder_version=&#8221;4.16&#8243; background_color=&#8221;#f5f8fd&#8221; width=&#8221;100%&#8221; module_alignment=&#8221;center&#8221; custom_margin=&#8221;||||false|false&#8221; custom_padding=&#8221;5px||5px||false|false&#8221; global_colors_info=&#8221;{}&#8221; theme_builder_area=&#8221;post_content&#8221;][et_pb_column type=&#8221;1_2&#8243; _builder_version=&#8221;4.16&#8243; global_colors_info=&#8221;{}&#8221; theme_builder_area=&#8221;post_content&#8221;][et_pb_text _builder_version=&#8221;4.25.1&#8243; text_font=&#8221;Nunito||||||||&#8221; text_font_size=&#8221;13px&#8221; link_text_color=&#8221;#53585C&#8221; text_orientation_tablet=&#8221;center&#8221; text_orientation_phone=&#8221;&#8221; text_orientation_last_edited=&#8221;on|desktop&#8221; locked=&#8221;off&#8221; global_colors_info=&#8221;{}&#8221; theme_builder_area=&#8221;post_content&#8221;]<\/p>\n<p><span style=\"color: #808080;\">Mail:\u00a0<\/span><span style=\"color: #333300;\"><a href=\"mailto:bilgi@batimutfak.com.tr\">bilgi@batimutfak.com.tr<\/a>\u00a0<\/span><span style=\"color: #808080;\"><span style=\"color: #333300;\">\u00a0 \u00a0|\u00a0 \u00a0<\/span> Tel. &amp; WhatsApp: <\/span><span style=\"color: #000000;\"><a href=\"https:\/\/wa.me\/905061271516\" target=\"_blank\" rel=\"noopener\" style=\"color: #000000;\">+90 506 127 15 16<\/a><\/span><\/p>\n<p>[\/et_pb_text][\/et_pb_column][et_pb_column type=&#8221;1_2&#8243; _builder_version=&#8221;4.16&#8243; global_colors_info=&#8221;{}&#8221; theme_builder_area=&#8221;post_content&#8221;][et_pb_text _builder_version=&#8221;4.16&#8243; text_font=&#8221;Nunito||||||||&#8221; text_font_size=&#8221;14px&#8221; text_orientation=&#8221;right&#8221; custom_margin_tablet=&#8221;&#8221; custom_margin_phone=&#8221;-20px||||false|false&#8221; custom_margin_last_edited=&#8221;on|phone&#8221; text_orientation_tablet=&#8221;center&#8221; text_orientation_phone=&#8221;center&#8221; text_orientation_last_edited=&#8221;on|desktop&#8221; global_colors_info=&#8221;{}&#8221; theme_builder_area=&#8221;post_content&#8221;]<\/p>\n<p><span style=\"color: #999999;\">Adres:\u00a0\u00a0<\/span><span style=\"color: #333300;\">Kemalpa\u015fa Mah. 7401\/2 Sok. No:4A I\u015f\u0131kkent Bornova \u0130zmir<\/span><\/p>\n<p>[\/et_pb_text][\/et_pb_column][\/et_pb_row][\/et_pb_section][et_pb_section fb_built=&#8221;1&#8243; admin_label=&#8221;Hakk\u0131m\u0131zda&#8221; _builder_version=&#8221;4.16&#8243; custom_padding=&#8221;100px||100px|||&#8221; locked=&#8221;off&#8221; global_colors_info=&#8221;{}&#8221; theme_builder_area=&#8221;post_content&#8221;][et_pb_row _builder_version=&#8221;4.16&#8243; animation_style=&#8221;slide&#8221; animation_direction=&#8221;bottom&#8221; animation_duration=&#8221;2000ms&#8221; locked=&#8221;off&#8221; global_colors_info=&#8221;{}&#8221; theme_builder_area=&#8221;post_content&#8221;][et_pb_column type=&#8221;4_4&#8243; _builder_version=&#8221;4.16&#8243; background_enable_color=&#8221;off&#8221; background_color_gradient_direction=&#8221;135deg&#8221; global_colors_info=&#8221;{}&#8221; custom_padding__hover=&#8221;|||&#8221; theme_builder_area=&#8221;post_content&#8221;][et_pb_text _builder_version=&#8221;4.16&#8243; text_font=&#8221;|700|||||||&#8221; text_text_color=&#8221;#f5f8fd&#8221; text_font_size=&#8221;80px&#8221; text_line_height=&#8221;0em&#8221; header_2_font=&#8221;||||||||&#8221; header_2_text_color=&#8221;#53585c&#8221; header_2_font_size=&#8221;50px&#8221; header_2_line_height=&#8221;1.3em&#8221; text_orientation=&#8221;center&#8221; text_font_size_tablet=&#8221;50px&#8221; text_font_size_phone=&#8221;30px&#8221; text_font_size_last_edited=&#8221;on|desktop&#8221; header_2_font_size_tablet=&#8221;40px&#8221; header_2_font_size_phone=&#8221;30px&#8221; header_2_font_size_last_edited=&#8221;on|phone&#8221; global_colors_info=&#8221;{}&#8221; theme_builder_area=&#8221;post_content&#8221;]<\/p>\n<p>ENTEGRE Y\u00d6NET\u0130M S\u0130STEM\u0130<\/p>\n<h2>Y\u00f6netim Anlay\u0131\u015f\u0131m\u0131z<\/h2>\n<p>[\/et_pb_text][\/et_pb_column][\/et_pb_row][et_pb_row custom_padding_last_edited=&#8221;on|phone&#8221; _builder_version=&#8221;4.16&#8243; background_color=&#8221;#ffffff&#8221; custom_margin=&#8221;30px|auto|70px|auto||&#8221; custom_padding=&#8221;60px|60px|60px|60px|true|true&#8221; custom_padding_tablet=&#8221;|40px||40px||true&#8221; custom_padding_phone=&#8221;|20px||20px||true&#8221; animation_style=&#8221;slide&#8221; animation_direction=&#8221;bottom&#8221; animation_duration=&#8221;2000ms&#8221; box_shadow_style=&#8221;preset1&#8243; box_shadow_vertical=&#8221;50px&#8221; box_shadow_blur=&#8221;80px&#8221; box_shadow_color=&#8221;rgba(15,19,25,0.1)&#8221; use_custom_width=&#8221;on&#8221; custom_width_px=&#8221;1280px&#8221; global_colors_info=&#8221;{}&#8221; theme_builder_area=&#8221;post_content&#8221;][et_pb_column type=&#8221;4_4&#8243; _builder_version=&#8221;4.16&#8243; custom_padding=&#8221;|||&#8221; global_colors_info=&#8221;{}&#8221; custom_padding__hover=&#8221;|||&#8221; theme_builder_area=&#8221;post_content&#8221;][et_pb_text _builder_version=&#8221;4.16&#8243; text_font=&#8221;||||||||&#8221; text_line_height=&#8221;2em&#8221; ul_font=&#8221;||||||||&#8221; ol_font=&#8221;||||||||&#8221; header_font=&#8221;||||||||&#8221; header_2_font=&#8221;||||||||&#8221; header_2_font_size=&#8221;50px&#8221; header_2_line_height=&#8221;1.3em&#8221; header_3_font=&#8221;||||||||&#8221; header_4_font=&#8221;|700||on|||||&#8221; header_4_text_color=&#8221;#ff6600&#8243; header_4_font_size=&#8221;12px&#8221; header_4_letter_spacing=&#8221;2px&#8221; header_4_line_height=&#8221;2em&#8221; header_5_font=&#8221;||||||||&#8221; header_6_font=&#8221;||||||||&#8221; text_orientation=&#8221;justified&#8221; header_2_font_size_tablet=&#8221;40px&#8221; header_2_font_size_phone=&#8221;30px&#8221; header_2_font_size_last_edited=&#8221;on|phone&#8221; locked=&#8221;off&#8221; global_colors_info=&#8221;{}&#8221; theme_builder_area=&#8221;post_content&#8221;]<\/p>\n<p>Y\u00f6netim anlay\u0131\u015f\u0131n\u0131, S\u00fcrekli geli\u015fme felsefesini, y\u00f6netimlerini ve sistemlerini t\u00fcm s\u00fcre\u00e7lerde Kalite ve G\u0131da G\u00fcvenli\u011fi Y\u00f6netim Sistemine uygun hale getirmek ve etkinli\u011fini s\u00fcrekli iyile\u015ftirmek, t\u00fcm personele \u00f6z\u00fcmsetmek ve bu do\u011frultuda pazar pay\u0131n\u0131, karl\u0131l\u0131\u011f\u0131n\u0131, rekabet g\u00fcc\u00fcn\u00fc, risk kontrol\u00fcn\u00fc art\u0131rmak,<\/p>\n<p>Her t\u00fcrl\u00fc hizmet faaliyetleri s\u00fcresince; ekolojik dengeye zarar vermemek, \u00e7al\u0131\u015fanlar\u0131m\u0131z\u0131n ve faaliyetlerimizden etkilenecek insanlar\u0131n sa\u011fl\u0131\u011f\u0131na gelebilecek olumsuz etkileri \u00f6nlemek, kendimizin ve di\u011fer \u015fah\u0131slar\u0131n mal ve m\u00fclkiyetine gelebilecek kaza, hasar ve tehlikeleri daha ba\u015flang\u0131\u00e7 a\u015famas\u0131nda kontrol etmek i\u00e7in gerekli her t\u00fcrl\u00fc tedbiri sa\u011flamaya \u00e7al\u0131\u015fmak,<\/p>\n<p>Y\u00f6netim kadromuz ve e\u011fitimli \u00e7a\u011fda\u015f personelimizle, ilgili taraflar\u0131n ihtiya\u00e7 ve beklentilerini Kalite ve G\u0131da G\u00fcvenli\u011fi Y\u00f6netim Sistemi \u015fartlar\u0131na uygun olarak kar\u015f\u0131lar\u0131z;<\/p>\n<p>Yasal y\u00fck\u00fcml\u00fcl\u00fcklerimize, y\u00fcr\u00fcrl\u00fckteki Kalite ve G\u0131da G\u00fcvenli\u011fi mevzuatlar\u0131na uymak,<\/p>\n<p>\u0130\u015fletmemizin Entegre Y\u00f6netim Sistemi dahilinde; g\u0131da maddelerinin sat\u0131n al\u0131nmas\u0131ndan itibaren m\u00fc\u015fteri ve \u00e7al\u0131\u015fanlar\u0131n t\u00fcketimine sunuluncaya kadar olu\u015fabilecek t\u00fcm potansiyel tehlikeleri saptayarak,\u00a0 belirledi\u011fimiz kritik kontrol noktalar\u0131n\u0131 zaman, s\u0131cakl\u0131k ve g\u00f6rsel muayene \u00f6l\u00e7\u00fcmleri ile e\u011fitilmi\u015f personel taraf\u0131ndan s\u00fcrekli kontrol alt\u0131nda tutmak,<\/p>\n<p>Kurulu\u015fumuz b\u00fcnyesinde Kalite ve G\u0131da G\u00fcvenli\u011fi ile ilgili t\u00fcm \u00e7al\u0131\u015fanlar\u0131m\u0131z\u0131n bilgi ve becerilerinin art\u0131r\u0131lmas\u0131 amac\u0131 ile e\u011fitimler planlamak ve uygulamak,<\/p>\n<p>\u00c7al\u0131\u015fan personel, mevcut Kalite ve G\u0131da G\u00fcvenli\u011fi Y\u00f6netim Sistemi uygulamalar\u0131na riayet ederek \u00dcr\u00fcn G\u00fcvenli\u011fi Politikam\u0131z\u0131n uygulanmas\u0131nda bizzat g\u00f6rev almak ve son \u00fcr\u00fcnlerimizin politikam\u0131zla uyumlu olmas\u0131 amac\u0131 ile Y\u00f6netim ile birlikte \u00e7al\u0131\u015fmak.<\/p>\n<p>ENTEGRE Y\u00d6NET\u0130M S\u0130STEM\u0130 POL\u0130T\u0130KAMIZDIR.<\/p>\n<p>[\/et_pb_text][\/et_pb_column][\/et_pb_row][\/et_pb_section]<\/p>\n","protected":false},"excerpt":{"rendered":"<p>Mail:\u00a0bilgi@batimutfak.com.tr\u00a0\u00a0 \u00a0|\u00a0 \u00a0 Tel. &amp; WhatsApp: +90 506 127 15 16Adres:\u00a0\u00a0Kemalpa\u015fa Mah. 7401\/2 Sok. No:4A I\u015f\u0131kkent Bornova \u0130zmirENTEGRE Y\u00d6NET\u0130M S\u0130STEM\u0130 Y\u00f6netim Anlay\u0131\u015f\u0131m\u0131zY\u00f6netim anlay\u0131\u015f\u0131n\u0131, S\u00fcrekli geli\u015fme felsefesini, y\u00f6netimlerini ve sistemlerini t\u00fcm s\u00fcre\u00e7lerde Kalite ve G\u0131da G\u00fcvenli\u011fi Y\u00f6netim Sistemine uygun hale getirmek ve etkinli\u011fini s\u00fcrekli iyile\u015ftirmek, t\u00fcm personele \u00f6z\u00fcmsetmek ve bu do\u011frultuda pazar pay\u0131n\u0131, karl\u0131l\u0131\u011f\u0131n\u0131, rekabet g\u00fcc\u00fcn\u00fc, [&hellip;]<\/p>\n","protected":false},"author":1,"featured_media":0,"parent":0,"menu_order":0,"comment_status":"closed","ping_status":"closed","template":"","meta":{"_et_pb_use_builder":"on","_et_pb_old_content":"","_et_gb_content_width":"","footnotes":""},"dipi_cpt_category":[],"class_list":["post-225341","page","type-page","status-publish","hentry"],"_links":{"self":[{"href":"https:\/\/batimutfak.com.tr\/index.php\/wp-json\/wp\/v2\/pages\/225341","targetHints":{"allow":["GET"]}}],"collection":[{"href":"https:\/\/batimutfak.com.tr\/index.php\/wp-json\/wp\/v2\/pages"}],"about":[{"href":"https:\/\/batimutfak.com.tr\/index.php\/wp-json\/wp\/v2\/types\/page"}],"author":[{"embeddable":true,"href":"https:\/\/batimutfak.com.tr\/index.php\/wp-json\/wp\/v2\/users\/1"}],"replies":[{"embeddable":true,"href":"https:\/\/batimutfak.com.tr\/index.php\/wp-json\/wp\/v2\/comments?post=225341"}],"version-history":[{"count":0,"href":"https:\/\/batimutfak.com.tr\/index.php\/wp-json\/wp\/v2\/pages\/225341\/revisions"}],"wp:attachment":[{"href":"https:\/\/batimutfak.com.tr\/index.php\/wp-json\/wp\/v2\/media?parent=225341"}],"wp:term":[{"taxonomy":"dipi_cpt_category","embeddable":true,"href":"https:\/\/batimutfak.com.tr\/index.php\/wp-json\/wp\/v2\/dipi_cpt_category?post=225341"}],"curies":[{"name":"wp","href":"https:\/\/api.w.org\/{rel}","templated":true}]}}