{"id":225336,"date":"2024-07-10T18:17:29","date_gmt":"2024-07-10T15:17:29","guid":{"rendered":"https:\/\/batimutfak.com.tr\/?page_id=225336"},"modified":"2024-07-11T11:44:32","modified_gmt":"2024-07-11T08:44:32","slug":"kurulus-politikamiz","status":"publish","type":"page","link":"https:\/\/batimutfak.com.tr\/index.php\/kurulus-politikamiz\/","title":{"rendered":"Kurulu\u015f Politikam\u0131z"},"content":{"rendered":"<p>[et_pb_section fb_built=&#8221;1&#8243; disabled_on=&#8221;off|off|off&#8221; _builder_version=&#8221;4.25.0&#8243; background_color=&#8221;#f5f8fd&#8221; background_color_gradient_direction=&#8221;360deg&#8221; custom_margin=&#8221;0px|0px|0px|0px|false|false&#8221; custom_padding=&#8221;0px|0px|0px|0px|true|false&#8221; animation_direction=&#8221;bottom&#8221; box_shadow_style=&#8221;preset1&#8243; box_shadow_vertical=&#8221;18px&#8221; box_shadow_color=&#8221;rgba(0,0,0,0.07)&#8221; locked=&#8221;off&#8221; global_colors_info=&#8221;{}&#8221;][et_pb_row column_structure=&#8221;1_2,1_2&#8243; _builder_version=&#8221;4.16&#8243; background_color=&#8221;#f5f8fd&#8221; width=&#8221;100%&#8221; module_alignment=&#8221;center&#8221; custom_margin=&#8221;||||false|false&#8221; custom_padding=&#8221;5px||5px||false|false&#8221; global_colors_info=&#8221;{}&#8221;][et_pb_column type=&#8221;1_2&#8243; _builder_version=&#8221;4.16&#8243; global_colors_info=&#8221;{}&#8221;][et_pb_text _builder_version=&#8221;4.25.1&#8243; text_font=&#8221;Nunito||||||||&#8221; text_font_size=&#8221;13px&#8221; link_text_color=&#8221;#53585C&#8221; text_orientation_tablet=&#8221;center&#8221; text_orientation_phone=&#8221;&#8221; text_orientation_last_edited=&#8221;on|desktop&#8221; locked=&#8221;off&#8221; global_colors_info=&#8221;{}&#8221;]<\/p>\n<p><span style=\"color: #808080;\">Mail:\u00a0<\/span><span style=\"color: #333300;\"><a href=\"mailto:bilgi@batimutfak.com.tr\">bilgi@batimutfak.com.tr<\/a>\u00a0<\/span><span style=\"color: #808080;\"><span style=\"color: #333300;\">\u00a0 \u00a0|\u00a0 \u00a0<\/span> Tel. &amp; WhatsApp: <\/span><span style=\"color: #000000;\"><a href=\"https:\/\/wa.me\/905061271516\" target=\"_blank\" rel=\"noopener\" style=\"color: #000000;\">+90 506 127 15 16<\/a><\/span><\/p>\n<p>[\/et_pb_text][\/et_pb_column][et_pb_column type=&#8221;1_2&#8243; _builder_version=&#8221;4.16&#8243; global_colors_info=&#8221;{}&#8221;][et_pb_text _builder_version=&#8221;4.16&#8243; text_font=&#8221;Nunito||||||||&#8221; text_font_size=&#8221;14px&#8221; text_orientation=&#8221;right&#8221; custom_margin_tablet=&#8221;&#8221; custom_margin_phone=&#8221;-20px||||false|false&#8221; custom_margin_last_edited=&#8221;on|phone&#8221; text_orientation_tablet=&#8221;center&#8221; text_orientation_phone=&#8221;center&#8221; text_orientation_last_edited=&#8221;on|desktop&#8221; global_colors_info=&#8221;{}&#8221;]<\/p>\n<p><span style=\"color: #999999;\">Adres:\u00a0\u00a0<\/span><span style=\"color: #333300;\">Kemalpa\u015fa Mah. 7401\/2 Sok. No:4A I\u015f\u0131kkent Bornova \u0130zmir<\/span><\/p>\n<p>[\/et_pb_text][\/et_pb_column][\/et_pb_row][\/et_pb_section][et_pb_section fb_built=&#8221;1&#8243; admin_label=&#8221;Hakk\u0131m\u0131zda&#8221; _builder_version=&#8221;4.16&#8243; custom_padding=&#8221;100px||100px|||&#8221; locked=&#8221;off&#8221; global_colors_info=&#8221;{}&#8221;][et_pb_row _builder_version=&#8221;4.16&#8243; animation_style=&#8221;slide&#8221; animation_direction=&#8221;bottom&#8221; animation_duration=&#8221;1500ms&#8221; locked=&#8221;off&#8221; global_colors_info=&#8221;{}&#8221;][et_pb_column type=&#8221;4_4&#8243; _builder_version=&#8221;4.16&#8243; background_enable_color=&#8221;off&#8221; background_color_gradient_direction=&#8221;135deg&#8221; global_colors_info=&#8221;{}&#8221; custom_padding__hover=&#8221;|||&#8221;][et_pb_text _builder_version=&#8221;4.25.1&#8243; text_font=&#8221;|700|||||||&#8221; text_text_color=&#8221;#f5f8fd&#8221; text_font_size=&#8221;80px&#8221; text_line_height=&#8221;0em&#8221; header_2_font=&#8221;||||||||&#8221; header_2_text_color=&#8221;#53585c&#8221; header_2_font_size=&#8221;50px&#8221; header_2_line_height=&#8221;1.3em&#8221; text_orientation=&#8221;center&#8221; hover_enabled=&#8221;0&#8243; text_font_size_tablet=&#8221;50px&#8221; text_font_size_phone=&#8221;30px&#8221; text_font_size_last_edited=&#8221;on|desktop&#8221; header_2_font_size_tablet=&#8221;40px&#8221; header_2_font_size_phone=&#8221;30px&#8221; header_2_font_size_last_edited=&#8221;on|phone&#8221; global_colors_info=&#8221;{}&#8221; sticky_enabled=&#8221;0&#8243;]<\/p>\n<p>\u015e\u0130RKET PROF\u0130L\u0130<\/p>\n<h2>Kurulu\u015f Politikam\u0131z<\/h2>\n<p>[\/et_pb_text][\/et_pb_column][\/et_pb_row][et_pb_row custom_padding_last_edited=&#8221;on|phone&#8221; _builder_version=&#8221;4.16&#8243; background_color=&#8221;#ffffff&#8221; custom_margin=&#8221;60px|auto|70px|auto||&#8221; custom_padding=&#8221;60px|60px|60px|60px|true|true&#8221; custom_padding_tablet=&#8221;|40px||40px||true&#8221; custom_padding_phone=&#8221;|20px||20px||true&#8221; animation_style=&#8221;slide&#8221; animation_direction=&#8221;bottom&#8221; animation_duration=&#8221;2000ms&#8221; box_shadow_style=&#8221;preset1&#8243; box_shadow_vertical=&#8221;50px&#8221; box_shadow_blur=&#8221;80px&#8221; box_shadow_color=&#8221;rgba(15,19,25,0.1)&#8221; use_custom_width=&#8221;on&#8221; custom_width_px=&#8221;1280px&#8221; global_colors_info=&#8221;{}&#8221;][et_pb_column type=&#8221;4_4&#8243; _builder_version=&#8221;4.16&#8243; custom_padding=&#8221;|||&#8221; global_colors_info=&#8221;{}&#8221; custom_padding__hover=&#8221;|||&#8221;][et_pb_text _builder_version=&#8221;4.16&#8243; text_font=&#8221;||||||||&#8221; text_line_height=&#8221;2em&#8221; ul_font=&#8221;||||||||&#8221; ol_font=&#8221;||||||||&#8221; header_font=&#8221;||||||||&#8221; header_2_font=&#8221;||||||||&#8221; header_2_font_size=&#8221;50px&#8221; header_2_line_height=&#8221;1.3em&#8221; header_3_font=&#8221;||||||||&#8221; header_4_font=&#8221;|700||on|||||&#8221; header_4_text_color=&#8221;#ff6600&#8243; header_4_font_size=&#8221;12px&#8221; header_4_letter_spacing=&#8221;2px&#8221; header_4_line_height=&#8221;2em&#8221; header_5_font=&#8221;||||||||&#8221; header_6_font=&#8221;||||||||&#8221; text_orientation=&#8221;justified&#8221; header_2_font_size_tablet=&#8221;40px&#8221; header_2_font_size_phone=&#8221;30px&#8221; header_2_font_size_last_edited=&#8221;on|phone&#8221; locked=&#8221;off&#8221; global_colors_info=&#8221;{}&#8221;]<\/p>\n<p>Bat\u0131 Mutfak Yemek Sanayi; m\u00fc\u015fterilerine daima en iyi \u00fcr\u00fcnleri sunmay\u0131 hedefleyerek; t\u00fcm \u00fcr\u00fcnlerinde hammaddeden t\u00fcketiciye kadar olu\u015facak g\u0131da g\u00fcvenli\u011fi ve kalite risklerinin ortadan kald\u0131r\u0131lmas\u0131 amac\u0131 ve g\u00fcvenli \u00fcretimin s\u00fcreklili\u011fini sa\u011flamak amac\u0131 ile G\u0131da G\u00fcvenli\u011fi Y\u00f6netim Sistemleri, Kalite Y\u00f6netim Sistemi, TSE S\u00fcrd\u00fcr\u00fclebilir G\u00fcvenli \u00dcretim K\u0131lavuzu ve COVID-19 G\u00fcvenli \u00dcretim, G\u00fcvenli Hizmet, Okulum Temiz ve G\u00fcvenli Turizm K\u0131lavuzu gerekliliklerine uygun olarak faaliyetlerini ger\u00e7ekle\u015ftirmeyi hedefler.<\/p>\n<p>De\u011fi\u015fen pazar ve t\u00fcketici ihtiya\u00e7lar\u0131 do\u011frultusunda, \u00e7al\u0131\u015fanlar\u0131yla birlikte g\u00fcvenilirli\u011fi ve verimlili\u011fi s\u00fcrekli artt\u0131rmay\u0131 hedefleyen firmam\u0131z; m\u00fc\u015fterilerinin, \u00e7al\u0131\u015fanlar\u0131n\u0131n ve tedarik\u00e7ilerinin beklentilerini en \u00fcst d\u00fczeyde kar\u015f\u0131lamak suretiyle t\u00fcketici haklar\u0131na sayg\u0131 g\u00f6steren, yasal mevzuata uyan, teknolojik geli\u015fmeleri takip ederek maksimum verimlilikte g\u0131da g\u00fcvenli\u011fine insan sa\u011fl\u0131\u011f\u0131na uygun \u00fcretim yapan bir firma olmay\u0131 temel ilkesi kabul etmi\u015ftir.<\/p>\n<p>Kurulu\u015fumuz, S\u00fcrd\u00fcr\u00fclebilir G\u00fcvenli \u00dcretim K\u0131lavuzu ve COVID-19 G\u00fcvenli \u00dcretim, G\u00fcvenli Hizmet, Okulum Temiz ve G\u00fcvenli Turizm K\u0131lavuzu gereklilikleri kapsam\u0131nda \u00e7al\u0131\u015fanlar\u0131 ve di\u011fer ilgili taraflar\u0131 etkileyen bula\u015f\u0131c\u0131 hastal\u0131klar\u0131n \u00f6nlenmesi ve y\u00f6netimi i\u00e7in \u00e7al\u0131\u015fmalar planlar ve kurulu\u015fun ba\u011flam\u0131na uygun olarak toplum sa\u011fl\u0131\u011f\u0131n\u0131n korunmas\u0131 hedefler ve s\u00fcrekli iyile\u015fmeyi taahh\u00fct eder.<\/p>\n<p>[\/et_pb_text][\/et_pb_column][\/et_pb_row][\/et_pb_section]<\/p>\n","protected":false},"excerpt":{"rendered":"<p>Mail:\u00a0bilgi@batimutfak.com.tr\u00a0\u00a0 \u00a0|\u00a0 \u00a0 Tel. &amp; WhatsApp: +90 506 127 15 16Adres:\u00a0\u00a0Kemalpa\u015fa Mah. 7401\/2 Sok. No:4A I\u015f\u0131kkent Bornova \u0130zmir\u015e\u0130RKET PROF\u0130L\u0130 Kurulu\u015f Politikam\u0131zBat\u0131 Mutfak Yemek Sanayi; m\u00fc\u015fterilerine daima en iyi \u00fcr\u00fcnleri sunmay\u0131 hedefleyerek; t\u00fcm \u00fcr\u00fcnlerinde hammaddeden t\u00fcketiciye kadar olu\u015facak g\u0131da g\u00fcvenli\u011fi ve kalite risklerinin ortadan kald\u0131r\u0131lmas\u0131 amac\u0131 ve g\u00fcvenli \u00fcretimin s\u00fcreklili\u011fini sa\u011flamak amac\u0131 ile G\u0131da G\u00fcvenli\u011fi Y\u00f6netim [&hellip;]<\/p>\n","protected":false},"author":1,"featured_media":0,"parent":0,"menu_order":0,"comment_status":"closed","ping_status":"closed","template":"","meta":{"_et_pb_use_builder":"on","_et_pb_old_content":"","_et_gb_content_width":"","footnotes":""},"dipi_cpt_category":[],"class_list":["post-225336","page","type-page","status-publish","hentry"],"_links":{"self":[{"href":"https:\/\/batimutfak.com.tr\/index.php\/wp-json\/wp\/v2\/pages\/225336","targetHints":{"allow":["GET"]}}],"collection":[{"href":"https:\/\/batimutfak.com.tr\/index.php\/wp-json\/wp\/v2\/pages"}],"about":[{"href":"https:\/\/batimutfak.com.tr\/index.php\/wp-json\/wp\/v2\/types\/page"}],"author":[{"embeddable":true,"href":"https:\/\/batimutfak.com.tr\/index.php\/wp-json\/wp\/v2\/users\/1"}],"replies":[{"embeddable":true,"href":"https:\/\/batimutfak.com.tr\/index.php\/wp-json\/wp\/v2\/comments?post=225336"}],"version-history":[{"count":0,"href":"https:\/\/batimutfak.com.tr\/index.php\/wp-json\/wp\/v2\/pages\/225336\/revisions"}],"wp:attachment":[{"href":"https:\/\/batimutfak.com.tr\/index.php\/wp-json\/wp\/v2\/media?parent=225336"}],"wp:term":[{"taxonomy":"dipi_cpt_category","embeddable":true,"href":"https:\/\/batimutfak.com.tr\/index.php\/wp-json\/wp\/v2\/dipi_cpt_category?post=225336"}],"curies":[{"name":"wp","href":"https:\/\/api.w.org\/{rel}","templated":true}]}}