{"id":101,"date":"2019-12-01T18:44:43","date_gmt":"2019-12-01T15:44:43","guid":{"rendered":"http:\/\/batimutfak.com.tr\/?page_id=101"},"modified":"2024-07-10T18:24:09","modified_gmt":"2024-07-10T15:24:09","slug":"hakkimizda","status":"publish","type":"page","link":"https:\/\/batimutfak.com.tr\/index.php\/hakkimizda\/","title":{"rendered":"Hakk\u0131m\u0131zda"},"content":{"rendered":"<p>[et_pb_section fb_built=&#8221;1&#8243; disabled_on=&#8221;off|off|off&#8221; _builder_version=&#8221;4.25.0&#8243; background_color=&#8221;#f5f8fd&#8221; background_color_gradient_direction=&#8221;360deg&#8221; custom_margin=&#8221;0px|0px|0px|0px|false|false&#8221; custom_padding=&#8221;0px|0px|0px|0px|true|false&#8221; animation_direction=&#8221;bottom&#8221; box_shadow_style=&#8221;preset1&#8243; box_shadow_vertical=&#8221;18px&#8221; box_shadow_color=&#8221;rgba(0,0,0,0.07)&#8221; locked=&#8221;off&#8221; global_colors_info=&#8221;{}&#8221;][et_pb_row column_structure=&#8221;1_2,1_2&#8243; _builder_version=&#8221;4.16&#8243; background_color=&#8221;#f5f8fd&#8221; width=&#8221;100%&#8221; module_alignment=&#8221;center&#8221; custom_margin=&#8221;||||false|false&#8221; custom_padding=&#8221;5px||5px||false|false&#8221; global_colors_info=&#8221;{}&#8221;][et_pb_column type=&#8221;1_2&#8243; _builder_version=&#8221;4.16&#8243; global_colors_info=&#8221;{}&#8221;][et_pb_text _builder_version=&#8221;4.25.1&#8243; text_font=&#8221;Nunito||||||||&#8221; text_font_size=&#8221;13px&#8221; link_text_color=&#8221;#53585C&#8221; text_orientation_tablet=&#8221;center&#8221; text_orientation_phone=&#8221;&#8221; text_orientation_last_edited=&#8221;on|desktop&#8221; locked=&#8221;off&#8221; global_colors_info=&#8221;{}&#8221;]<\/p>\n<p><span style=\"color: #808080;\">Mail:\u00a0<\/span><span style=\"color: #333300;\"><a href=\"mailto:bilgi@batimutfak.com.tr\">bilgi@batimutfak.com.tr<\/a>\u00a0<\/span><span style=\"color: #808080;\"><span style=\"color: #333300;\">\u00a0 \u00a0|\u00a0 \u00a0<\/span> Tel. &amp; WhatsApp: <\/span><span style=\"color: #000000;\"><a href=\"https:\/\/wa.me\/905061271516\" target=\"_blank\" rel=\"noopener\" style=\"color: #000000;\">+90 506 127 15 16<\/a><\/span><\/p>\n<p>[\/et_pb_text][\/et_pb_column][et_pb_column type=&#8221;1_2&#8243; _builder_version=&#8221;4.16&#8243; global_colors_info=&#8221;{}&#8221;][et_pb_text _builder_version=&#8221;4.16&#8243; text_font=&#8221;Nunito||||||||&#8221; text_font_size=&#8221;14px&#8221; text_orientation=&#8221;right&#8221; custom_margin_tablet=&#8221;&#8221; custom_margin_phone=&#8221;-20px||||false|false&#8221; custom_margin_last_edited=&#8221;on|phone&#8221; text_orientation_tablet=&#8221;center&#8221; text_orientation_phone=&#8221;center&#8221; text_orientation_last_edited=&#8221;on|desktop&#8221; global_colors_info=&#8221;{}&#8221;]<\/p>\n<p><span style=\"color: #999999;\">Adres:\u00a0\u00a0<\/span><span style=\"color: #333300;\">Kemalpa\u015fa Mah. 7401\/2 Sok. No:4A I\u015f\u0131kkent Bornova \u0130zmir<\/span><\/p>\n<p>[\/et_pb_text][\/et_pb_column][\/et_pb_row][\/et_pb_section][et_pb_section fb_built=&#8221;1&#8243; admin_label=&#8221;Hakk\u0131m\u0131zda&#8221; _builder_version=&#8221;4.16&#8243; custom_padding=&#8221;100px||100px|||&#8221; locked=&#8221;off&#8221; global_colors_info=&#8221;{}&#8221;][et_pb_row _builder_version=&#8221;4.16&#8243; animation_style=&#8221;slide&#8221; animation_direction=&#8221;bottom&#8221; animation_duration=&#8221;1500ms&#8221; locked=&#8221;off&#8221; global_colors_info=&#8221;{}&#8221;][et_pb_column type=&#8221;4_4&#8243; _builder_version=&#8221;4.16&#8243; background_enable_color=&#8221;off&#8221; background_color_gradient_direction=&#8221;135deg&#8221; global_colors_info=&#8221;{}&#8221; custom_padding__hover=&#8221;|||&#8221;][et_pb_text _builder_version=&#8221;4.16&#8243; text_font=&#8221;|700|||||||&#8221; text_text_color=&#8221;#f5f8fd&#8221; text_font_size=&#8221;80px&#8221; text_line_height=&#8221;0em&#8221; header_2_font=&#8221;||||||||&#8221; header_2_text_color=&#8221;#53585c&#8221; header_2_font_size=&#8221;50px&#8221; header_2_line_height=&#8221;1.3em&#8221; text_orientation=&#8221;center&#8221; text_font_size_tablet=&#8221;50px&#8221; text_font_size_phone=&#8221;30px&#8221; text_font_size_last_edited=&#8221;on|desktop&#8221; header_2_font_size_tablet=&#8221;40px&#8221; header_2_font_size_phone=&#8221;30px&#8221; header_2_font_size_last_edited=&#8221;on|phone&#8221; global_colors_info=&#8221;{}&#8221;]<\/p>\n<p>\u015e\u0130RKET PROF\u0130L\u0130<\/p>\n<h2>Hakk\u0131m\u0131zda<\/h2>\n<p>[\/et_pb_text][\/et_pb_column][\/et_pb_row][et_pb_row column_structure=&#8221;1_4,1_4,1_4,1_4&#8243; custom_padding_last_edited=&#8221;on|desktop&#8221; _builder_version=&#8221;4.16&#8243; background_color=&#8221;#ffffff&#8221; custom_margin=&#8221;30px|auto|100px|auto||&#8221; custom_padding=&#8221;30px|60px|30px|60px|false|true&#8221; custom_padding_tablet=&#8221;|40px||40px||true&#8221; custom_padding_phone=&#8221;&#8221; animation_style=&#8221;slide&#8221; animation_direction=&#8221;bottom&#8221; animation_duration=&#8221;2000ms&#8221; border_radii=&#8221;|||12px|12px&#8221; box_shadow_style=&#8221;preset1&#8243; box_shadow_vertical=&#8221;50px&#8221; box_shadow_blur=&#8221;80px&#8221; box_shadow_color=&#8221;rgba(15,19,25,0.1)&#8221; use_custom_width=&#8221;on&#8221; custom_width_px=&#8221;1280px&#8221; global_colors_info=&#8221;{}&#8221;][et_pb_column type=&#8221;1_4&#8243; _builder_version=&#8221;4.16&#8243; custom_padding=&#8221;|||&#8221; global_colors_info=&#8221;{}&#8221; custom_padding__hover=&#8221;|||&#8221;][et_pb_number_counter title=&#8221;YILLIK TECR\u00dcBE&#8221; number=&#8221;35&#8243; percent_sign=&#8221;off&#8221; _builder_version=&#8221;4.25.1&#8243; title_font=&#8221;|600||on|||||&#8221; title_text_color=&#8221;#53585c&#8221; title_font_size=&#8221;14px&#8221; title_letter_spacing=&#8221;1px&#8221; number_font=&#8221;Nunito||||||||&#8221; hover_enabled=&#8221;0&#8243; number_font_size_tablet=&#8221;52px&#8221; number_font_size_phone=&#8221;45px&#8221; number_font_size_last_edited=&#8221;on|tablet&#8221; global_colors_info=&#8221;{}&#8221; sticky_enabled=&#8221;0&#8243;][\/et_pb_number_counter][\/et_pb_column][et_pb_column type=&#8221;1_4&#8243; _builder_version=&#8221;4.16&#8243; custom_padding=&#8221;|||&#8221; global_colors_info=&#8221;{}&#8221; custom_padding__hover=&#8221;|||&#8221;][et_pb_number_counter title=&#8221;PERSONEL&#8221; number=&#8221;285+&#8221; percent_sign=&#8221;off&#8221; _builder_version=&#8221;4.25.1&#8243; title_font=&#8221;|600||on|||||&#8221; title_text_color=&#8221;#53585c&#8221; title_font_size=&#8221;14px&#8221; title_letter_spacing=&#8221;1px&#8221; number_font=&#8221;Nunito||||||||&#8221; hover_enabled=&#8221;0&#8243; number_font_size_tablet=&#8221;52px&#8221; number_font_size_phone=&#8221;45px&#8221; number_font_size_last_edited=&#8221;on|tablet&#8221; global_colors_info=&#8221;{}&#8221; sticky_enabled=&#8221;0&#8243;][\/et_pb_number_counter][\/et_pb_column][et_pb_column type=&#8221;1_4&#8243; _builder_version=&#8221;4.16&#8243; custom_padding=&#8221;|||&#8221; global_colors_info=&#8221;{}&#8221; custom_padding__hover=&#8221;|||&#8221;][et_pb_number_counter title=&#8221;\u00d6\u011e\u00dcN SERV\u0130S \/ G\u00dcN&#8221; number=&#8221;18K+&#8221; percent_sign=&#8221;off&#8221; _builder_version=&#8221;4.25.1&#8243; title_font=&#8221;|600||on|||||&#8221; title_text_color=&#8221;#53585c&#8221; title_font_size=&#8221;14px&#8221; title_letter_spacing=&#8221;1px&#8221; number_font=&#8221;Nunito||||||||&#8221; hover_enabled=&#8221;0&#8243; number_font_size_tablet=&#8221;52px&#8221; number_font_size_phone=&#8221;45px&#8221; number_font_size_last_edited=&#8221;on|tablet&#8221; global_colors_info=&#8221;{}&#8221; sticky_enabled=&#8221;0&#8243;][\/et_pb_number_counter][\/et_pb_column][et_pb_column type=&#8221;1_4&#8243; _builder_version=&#8221;4.16&#8243; custom_padding=&#8221;|||&#8221; global_colors_info=&#8221;{}&#8221; custom_padding__hover=&#8221;|||&#8221;][et_pb_number_counter title=&#8221;METREKARE FABR\u0130KA&#8221; number=&#8221;3568&#8243; percent_sign=&#8221;off&#8221; _builder_version=&#8221;4.16&#8243; title_font=&#8221;|600||on|||||&#8221; title_text_color=&#8221;#53585c&#8221; title_font_size=&#8221;14px&#8221; title_letter_spacing=&#8221;1px&#8221; number_font=&#8221;Nunito||||||||&#8221; number_font_size_tablet=&#8221;52px&#8221; number_font_size_phone=&#8221;45px&#8221; number_font_size_last_edited=&#8221;on|tablet&#8221; global_colors_info=&#8221;{}&#8221;][\/et_pb_number_counter][\/et_pb_column][\/et_pb_row][et_pb_row custom_padding_last_edited=&#8221;on|phone&#8221; _builder_version=&#8221;4.16&#8243; background_color=&#8221;#ffffff&#8221; custom_margin=&#8221;100px|auto|70px|auto||&#8221; custom_padding=&#8221;60px|60px|60px|60px|true|true&#8221; custom_padding_tablet=&#8221;|40px||40px||true&#8221; custom_padding_phone=&#8221;|20px||20px||true&#8221; animation_style=&#8221;slide&#8221; animation_direction=&#8221;bottom&#8221; animation_duration=&#8221;2000ms&#8221; box_shadow_style=&#8221;preset1&#8243; box_shadow_vertical=&#8221;50px&#8221; box_shadow_blur=&#8221;80px&#8221; box_shadow_color=&#8221;rgba(15,19,25,0.1)&#8221; use_custom_width=&#8221;on&#8221; custom_width_px=&#8221;1280px&#8221; global_colors_info=&#8221;{}&#8221;][et_pb_column type=&#8221;4_4&#8243; _builder_version=&#8221;4.16&#8243; custom_padding=&#8221;|||&#8221; global_colors_info=&#8221;{}&#8221; custom_padding__hover=&#8221;|||&#8221;][et_pb_text _builder_version=&#8221;4.16&#8243; text_font=&#8221;||||||||&#8221; text_line_height=&#8221;2em&#8221; ul_font=&#8221;||||||||&#8221; ol_font=&#8221;||||||||&#8221; header_font=&#8221;||||||||&#8221; header_2_font=&#8221;||||||||&#8221; header_2_font_size=&#8221;50px&#8221; header_2_line_height=&#8221;1.3em&#8221; header_3_font=&#8221;||||||||&#8221; header_4_font=&#8221;|700||on|||||&#8221; header_4_text_color=&#8221;#ff6600&#8243; header_4_font_size=&#8221;12px&#8221; header_4_letter_spacing=&#8221;2px&#8221; header_4_line_height=&#8221;2em&#8221; header_5_font=&#8221;||||||||&#8221; header_6_font=&#8221;||||||||&#8221; text_orientation=&#8221;justified&#8221; header_2_font_size_tablet=&#8221;40px&#8221; header_2_font_size_phone=&#8221;30px&#8221; header_2_font_size_last_edited=&#8221;on|phone&#8221; locked=&#8221;off&#8221; global_colors_info=&#8221;{}&#8221;]<\/p>\n<p>Bat\u0131 mutfak olarak deneyimli g\u0131da m\u00fchendisleri, a\u015f\u00e7\u0131 ve ekipleri ile de\u011ferli siz ve \u00e7al\u0131\u015fanlar\u0131n\u0131za kusursuz hizmet, kaliteli \u00fcr\u00fcn ve tarifsiz, dengeli lezzetler sunuyoruz.<\/p>\n<p>Uzman in\u015faat m\u00fchendisleri ve mimarlar taraf\u0131ndan, en ba\u015ftan g\u0131da \u00fcretim tesisi olarak projelendirilmi\u015f, TSE\u2019den al\u0131nm\u0131\u015f <strong>HYB &#8211; TS 8985<\/strong> i\u015f yerleri \u2013 yemek fabrikalar\u0131 ve toplu yemek mutfaklar\u0131 i\u00e7in kurallar standard\u0131na uygun hizmet veren ve <strong>TS 13075<\/strong> i\u015f yerleri \u2013 g\u0131da maddeleri ta\u015f\u0131ma hizmetleri \u2013 genel kurallar, <strong>ISO 22000 ve 9001<\/strong> standartlar\u0131 ilkelerine uygun i\u015fleyen tesisimizde sizlere 30 y\u0131ld\u0131r m\u00fckemmele yak\u0131n, kaliteli hizmet vermenin hakl\u0131 gururu i\u00e7erisindeyiz.<\/p>\n<p>Ayr\u0131ca d\u00fcnyay\u0131 saran pandemiyle m\u00fccadele kapsam\u0131nda ilk g\u00fcnden itibaren g\u0131da g\u00fcvenli\u011fi ve hijyen uygulamalar\u0131nda yetkili birimlerce tavsiye edilen t\u00fcm uygulamalar\u0131 tesislerimizde hayata ge\u00e7irdik.<\/p>\n<div><\/div>\n<div><\/div>\n<div><\/div>\n<div><\/div>\n<div>Resmi kurumlar ve ba\u011f\u0131ms\u0131z \u015firketlerin denetiminden ba\u015far\u0131yla \u00e7\u0131kan firmam\u0131z, <strong>TSE Covid-19 G\u00fcvenli \u00dcretim Belgesini<\/strong> alarak bu alandaki \u00e7al\u0131\u015fmalar\u0131n\u0131 tescillemi\u015ftir.&#8217;<span style=\"font-size: 16px;\">\u00a0<\/span><\/div>\n<p>[\/et_pb_text][\/et_pb_column][\/et_pb_row][et_pb_row column_structure=&#8221;1_4,1_4,1_4,1_4&#8243; _builder_version=&#8221;4.16&#8243; custom_padding=&#8221;||100px|||&#8221; animation_style=&#8221;slide&#8221; animation_direction=&#8221;bottom&#8221; animation_duration=&#8221;2000ms&#8221; hover_enabled=&#8221;0&#8243; global_colors_info=&#8221;{}&#8221; sticky_enabled=&#8221;0&#8243;][et_pb_column type=&#8221;1_4&#8243; _builder_version=&#8221;4.16&#8243; global_colors_info=&#8221;{}&#8221;][et_pb_image src=&#8221;https:\/\/batimutfak.com.tr\/wp-content\/uploads\/2020\/12\/6bf8d0ae01cc4270e5b7301561da8b87c2f1461032eacb80e395460031b5a753.jpeg&#8221; alt=&#8221;covid-19-tse-belgesi&#8221; title_text=&#8221;covid-19-tse-belgesi&#8221; align=&#8221;center&#8221; _builder_version=&#8221;4.25.1&#8243; width=&#8221;80%&#8221; hover_enabled=&#8221;0&#8243; border_radii=&#8221;on|5px|5px|5px|5px&#8221; box_shadow_style=&#8221;preset3&#8243; global_colors_info=&#8221;{}&#8221; sticky_enabled=&#8221;0&#8243;][\/et_pb_image][\/et_pb_column][et_pb_column type=&#8221;1_4&#8243; _builder_version=&#8221;4.16&#8243; global_colors_info=&#8221;{}&#8221;][et_pb_image src=&#8221;https:\/\/batimutfak.com.tr\/wp-content\/uploads\/2019\/12\/hizmet-yeterlilik.jpg&#8221; align=&#8221;center&#8221; _builder_version=&#8221;4.16&#8243; border_radii=&#8221;on|5px|5px|5px|5px&#8221; box_shadow_style=&#8221;preset3&#8243; global_colors_info=&#8221;{}&#8221;][\/et_pb_image][\/et_pb_column][et_pb_column type=&#8221;1_4&#8243; _builder_version=&#8221;4.16&#8243; global_colors_info=&#8221;{}&#8221;][et_pb_image src=&#8221;https:\/\/batimutfak.com.tr\/wp-content\/uploads\/2019\/12\/iso_22000.jpg&#8221; align=&#8221;center&#8221; _builder_version=&#8221;4.16&#8243; custom_margin=&#8221;||||false|false&#8221; border_radii=&#8221;on|5px|5px|5px|5px&#8221; box_shadow_style=&#8221;preset3&#8243; global_colors_info=&#8221;{}&#8221;][\/et_pb_image][\/et_pb_column][et_pb_column type=&#8221;1_4&#8243; _builder_version=&#8221;4.16&#8243; global_colors_info=&#8221;{}&#8221;][et_pb_image src=&#8221;https:\/\/batimutfak.com.tr\/wp-content\/uploads\/2019\/12\/iso_9001.jpg&#8221; align=&#8221;center&#8221; _builder_version=&#8221;4.16&#8243; border_radii=&#8221;on|5px|5px|5px|5px&#8221; box_shadow_style=&#8221;preset3&#8243; global_colors_info=&#8221;{}&#8221;][\/et_pb_image][\/et_pb_column][\/et_pb_row][\/et_pb_section]<\/p>\n","protected":false},"excerpt":{"rendered":"<p>Mail:\u00a0bilgi@batimutfak.com.tr\u00a0\u00a0 \u00a0|\u00a0 \u00a0 Tel. &amp; WhatsApp: +90 506 127 15 16Adres:\u00a0\u00a0Kemalpa\u015fa Mah. 7401\/2 Sok. No:4A I\u015f\u0131kkent Bornova \u0130zmir\u015e\u0130RKET PROF\u0130L\u0130 Hakk\u0131m\u0131zdaBat\u0131 mutfak olarak deneyimli g\u0131da m\u00fchendisleri, a\u015f\u00e7\u0131 ve ekipleri ile de\u011ferli siz ve \u00e7al\u0131\u015fanlar\u0131n\u0131za kusursuz hizmet, kaliteli \u00fcr\u00fcn ve tarifsiz, dengeli lezzetler sunuyoruz. Uzman in\u015faat m\u00fchendisleri ve mimarlar taraf\u0131ndan, en ba\u015ftan g\u0131da \u00fcretim tesisi olarak projelendirilmi\u015f, [&hellip;]<\/p>\n","protected":false},"author":1,"featured_media":0,"parent":0,"menu_order":0,"comment_status":"closed","ping_status":"closed","template":"","meta":{"_et_pb_use_builder":"on","_et_pb_old_content":"","_et_gb_content_width":"","footnotes":""},"dipi_cpt_category":[],"class_list":["post-101","page","type-page","status-publish","hentry"],"_links":{"self":[{"href":"https:\/\/batimutfak.com.tr\/index.php\/wp-json\/wp\/v2\/pages\/101","targetHints":{"allow":["GET"]}}],"collection":[{"href":"https:\/\/batimutfak.com.tr\/index.php\/wp-json\/wp\/v2\/pages"}],"about":[{"href":"https:\/\/batimutfak.com.tr\/index.php\/wp-json\/wp\/v2\/types\/page"}],"author":[{"embeddable":true,"href":"https:\/\/batimutfak.com.tr\/index.php\/wp-json\/wp\/v2\/users\/1"}],"replies":[{"embeddable":true,"href":"https:\/\/batimutfak.com.tr\/index.php\/wp-json\/wp\/v2\/comments?post=101"}],"version-history":[{"count":0,"href":"https:\/\/batimutfak.com.tr\/index.php\/wp-json\/wp\/v2\/pages\/101\/revisions"}],"wp:attachment":[{"href":"https:\/\/batimutfak.com.tr\/index.php\/wp-json\/wp\/v2\/media?parent=101"}],"wp:term":[{"taxonomy":"dipi_cpt_category","embeddable":true,"href":"https:\/\/batimutfak.com.tr\/index.php\/wp-json\/wp\/v2\/dipi_cpt_category?post=101"}],"curies":[{"name":"wp","href":"https:\/\/api.w.org\/{rel}","templated":true}]}}